{"id":8293,"date":"2023-03-27T11:23:15","date_gmt":"2023-03-27T14:23:15","guid":{"rendered":"https:\/\/weagle.com.br\/?page_id=8293"},"modified":"2023-05-09T13:50:18","modified_gmt":"2023-05-09T16:50:18","slug":"podcast","status":"publish","type":"page","link":"https:\/\/weagle.com.br\/lp\/podcast\/","title":{"rendered":"Podcast"},"content":{"rendered":"\t\t<div data-elementor-type=\"wp-page\" data-elementor-id=\"8293\" class=\"elementor elementor-8293\" data-elementor-post-type=\"page\">\n\t\t\t\t\t\t<section class=\"elementor-section elementor-top-section elementor-element elementor-element-99e1bca elementor-section-height-min-height elementor-section-boxed elementor-section-height-default elementor-section-items-middle\" data-id=\"99e1bca\" data-element_type=\"section\" data-settings=\"{&quot;background_background&quot;:&quot;classic&quot;}\">\n\t\t\t\t\t\t\t<div class=\"elementor-background-overlay\"><\/div>\n\t\t\t\t\t\t\t<div class=\"elementor-container elementor-column-gap-default\">\n\t\t\t\t\t<div class=\"elementor-column elementor-col-100 elementor-top-column elementor-element elementor-element-5af48d7\" data-id=\"5af48d7\" data-element_type=\"column\">\n\t\t\t<div class=\"elementor-widget-wrap elementor-element-populated\">\n\t\t\t\t\t\t<div class=\"elementor-element elementor-element-04840d0 elementor-widget__width-initial elementor-widget-mobile__width-inherit elementor-widget elementor-widget-heading\" data-id=\"04840d0\" data-element_type=\"widget\" data-widget_type=\"heading.default\">\n\t\t\t\t\t<h1 class=\"elementor-heading-title elementor-size-default\">WEAGLE CAST<\/h1>\t\t\t\t<\/div>\n\t\t\t\t<div class=\"elementor-element elementor-element-1b47579 elementor-widget__width-initial elementor-widget-mobile__width-inherit elementor-widget elementor-widget-heading\" data-id=\"1b47579\" data-element_type=\"widget\" data-widget_type=\"heading.default\">\n\t\t\t\t\t<h2 class=\"elementor-heading-title elementor-size-default\">Estrat\u00e9gias, insights e dicas  em um bom bate papo sobre governan\u00e7a, inova\u00e7\u00e3o e planejamento empresarial!<\/h2>\t\t\t\t<\/div>\n\t\t\t\t\t<\/div>\n\t\t<\/div>\n\t\t\t\t\t<\/div>\n\t\t<\/section>\n\t\t\t\t<section class=\"elementor-section elementor-top-section elementor-element elementor-element-e7ae131 elementor-section-height-min-height elementor-section-boxed elementor-section-height-default elementor-section-items-middle\" data-id=\"e7ae131\" data-element_type=\"section\">\n\t\t\t\t\t\t<div class=\"elementor-container elementor-column-gap-default\">\n\t\t\t\t\t<div class=\"elementor-column elementor-col-100 elementor-top-column elementor-element elementor-element-58231a4\" data-id=\"58231a4\" data-element_type=\"column\">\n\t\t\t<div class=\"elementor-widget-wrap elementor-element-populated\">\n\t\t\t\t\t\t<div class=\"elementor-element elementor-element-27808b7 elementor-widget elementor-widget-heading\" data-id=\"27808b7\" data-element_type=\"widget\" data-widget_type=\"heading.default\">\n\t\t\t\t\t<h2 class=\"elementor-heading-title elementor-size-default\">Epis\u00f3dios<\/h2>\t\t\t\t<\/div>\n\t\t\t\t<section class=\"elementor-section elementor-inner-section elementor-element elementor-element-31f41a0 elementor-reverse-mobile elementor-section-boxed elementor-section-height-default elementor-section-height-default\" data-id=\"31f41a0\" data-element_type=\"section\">\n\t\t\t\t\t\t<div class=\"elementor-container elementor-column-gap-default\">\n\t\t\t\t\t<div class=\"elementor-column elementor-col-50 elementor-inner-column elementor-element elementor-element-d0e8011\" data-id=\"d0e8011\" data-element_type=\"column\">\n\t\t\t<div class=\"elementor-widget-wrap elementor-element-populated\">\n\t\t\t\t\t\t<div class=\"elementor-element elementor-element-f5a472e elementor-widget elementor-widget-video\" data-id=\"f5a472e\" data-element_type=\"widget\" data-settings=\"{&quot;youtube_url&quot;:&quot;https:\\\/\\\/youtu.be\\\/wEQjYCnqBDo&quot;,&quot;video_type&quot;:&quot;youtube&quot;,&quot;controls&quot;:&quot;yes&quot;}\" data-widget_type=\"video.default\">\n\t\t\t\t\t\t\t<div class=\"elementor-wrapper elementor-open-inline\">\n\t\t\t<div class=\"elementor-video\"><\/div>\t\t<\/div>\n\t\t\t\t\t\t<\/div>\n\t\t\t\t\t<\/div>\n\t\t<\/div>\n\t\t\t\t<div class=\"elementor-column elementor-col-50 elementor-inner-column elementor-element elementor-element-ebddf35\" data-id=\"ebddf35\" data-element_type=\"column\">\n\t\t\t<div class=\"elementor-widget-wrap elementor-element-populated\">\n\t\t\t\t\t\t<div class=\"elementor-element elementor-element-b037b64 elementor-widget elementor-widget-video\" data-id=\"b037b64\" data-element_type=\"widget\" data-settings=\"{&quot;youtube_url&quot;:&quot;https:\\\/\\\/www.youtube.com\\\/watch?v=5pCgQH2rg5w&quot;,&quot;video_type&quot;:&quot;youtube&quot;,&quot;controls&quot;:&quot;yes&quot;}\" data-widget_type=\"video.default\">\n\t\t\t\t\t\t\t<div class=\"elementor-wrapper elementor-open-inline\">\n\t\t\t<div class=\"elementor-video\"><\/div>\t\t<\/div>\n\t\t\t\t\t\t<\/div>\n\t\t\t\t\t<\/div>\n\t\t<\/div>\n\t\t\t\t\t<\/div>\n\t\t<\/section>\n\t\t\t\t<section class=\"elementor-section elementor-inner-section elementor-element elementor-element-eca5b53 elementor-reverse-mobile elementor-section-boxed elementor-section-height-default elementor-section-height-default\" data-id=\"eca5b53\" data-element_type=\"section\">\n\t\t\t\t\t\t<div class=\"elementor-container elementor-column-gap-default\">\n\t\t\t\t\t<div class=\"elementor-column elementor-col-50 elementor-inner-column elementor-element elementor-element-3a8554a\" data-id=\"3a8554a\" data-element_type=\"column\">\n\t\t\t<div class=\"elementor-widget-wrap elementor-element-populated\">\n\t\t\t\t\t\t<div class=\"elementor-element elementor-element-aca945a elementor-widget elementor-widget-video\" data-id=\"aca945a\" data-element_type=\"widget\" data-settings=\"{&quot;youtube_url&quot;:&quot;https:\\\/\\\/www.youtube.com\\\/watch?v=PWMpqN81L3A&quot;,&quot;video_type&quot;:&quot;youtube&quot;,&quot;controls&quot;:&quot;yes&quot;}\" data-widget_type=\"video.default\">\n\t\t\t\t\t\t\t<div class=\"elementor-wrapper elementor-open-inline\">\n\t\t\t<div class=\"elementor-video\"><\/div>\t\t<\/div>\n\t\t\t\t\t\t<\/div>\n\t\t\t\t\t<\/div>\n\t\t<\/div>\n\t\t\t\t<div class=\"elementor-column elementor-col-50 elementor-inner-column elementor-element elementor-element-7a416a0\" data-id=\"7a416a0\" data-element_type=\"column\">\n\t\t\t<div class=\"elementor-widget-wrap elementor-element-populated\">\n\t\t\t\t\t\t<div class=\"elementor-element elementor-element-2e5661b elementor-widget elementor-widget-video\" data-id=\"2e5661b\" data-element_type=\"widget\" data-settings=\"{&quot;youtube_url&quot;:&quot;https:\\\/\\\/www.youtube.com\\\/watch?v=7h4yyQ0ItGY&amp;t=1374s&quot;,&quot;video_type&quot;:&quot;youtube&quot;,&quot;controls&quot;:&quot;yes&quot;}\" data-widget_type=\"video.default\">\n\t\t\t\t\t\t\t<div class=\"elementor-wrapper elementor-open-inline\">\n\t\t\t<div class=\"elementor-video\"><\/div>\t\t<\/div>\n\t\t\t\t\t\t<\/div>\n\t\t\t\t\t<\/div>\n\t\t<\/div>\n\t\t\t\t\t<\/div>\n\t\t<\/section>\n\t\t\t\t<section class=\"elementor-section elementor-inner-section elementor-element elementor-element-9c9a5eb elementor-reverse-mobile elementor-section-boxed elementor-section-height-default elementor-section-height-default\" data-id=\"9c9a5eb\" data-element_type=\"section\">\n\t\t\t\t\t\t<div class=\"elementor-container elementor-column-gap-default\">\n\t\t\t\t\t<div class=\"elementor-column elementor-col-50 elementor-inner-column elementor-element elementor-element-6d89903\" data-id=\"6d89903\" data-element_type=\"column\">\n\t\t\t<div class=\"elementor-widget-wrap elementor-element-populated\">\n\t\t\t\t\t\t<div class=\"elementor-element elementor-element-81b0545 elementor-widget elementor-widget-video\" data-id=\"81b0545\" data-element_type=\"widget\" data-settings=\"{&quot;youtube_url&quot;:&quot;https:\\\/\\\/www.youtube.com\\\/watch?v=stGaM0GB1Xo&quot;,&quot;video_type&quot;:&quot;youtube&quot;,&quot;controls&quot;:&quot;yes&quot;}\" data-widget_type=\"video.default\">\n\t\t\t\t\t\t\t<div class=\"elementor-wrapper elementor-open-inline\">\n\t\t\t<div class=\"elementor-video\"><\/div>\t\t<\/div>\n\t\t\t\t\t\t<\/div>\n\t\t\t\t\t<\/div>\n\t\t<\/div>\n\t\t\t\t<div class=\"elementor-column elementor-col-50 elementor-inner-column elementor-element elementor-element-868fc18\" data-id=\"868fc18\" data-element_type=\"column\">\n\t\t\t<div class=\"elementor-widget-wrap elementor-element-populated\">\n\t\t\t\t\t\t<div class=\"elementor-element elementor-element-010e40a elementor-widget elementor-widget-video\" data-id=\"010e40a\" data-element_type=\"widget\" data-settings=\"{&quot;youtube_url&quot;:&quot;https:\\\/\\\/www.youtube.com\\\/watch?v=QC_klADbAJs&amp;t=165s&quot;,&quot;video_type&quot;:&quot;youtube&quot;,&quot;controls&quot;:&quot;yes&quot;}\" data-widget_type=\"video.default\">\n\t\t\t\t\t\t\t<div class=\"elementor-wrapper elementor-open-inline\">\n\t\t\t<div class=\"elementor-video\"><\/div>\t\t<\/div>\n\t\t\t\t\t\t<\/div>\n\t\t\t\t\t<\/div>\n\t\t<\/div>\n\t\t\t\t\t<\/div>\n\t\t<\/section>\n\t\t\t\t<section class=\"elementor-section elementor-inner-section elementor-element elementor-element-109d2ff elementor-reverse-mobile elementor-section-boxed elementor-section-height-default elementor-section-height-default\" data-id=\"109d2ff\" data-element_type=\"section\">\n\t\t\t\t\t\t<div class=\"elementor-container elementor-column-gap-default\">\n\t\t\t\t\t<div class=\"elementor-column elementor-col-100 elementor-inner-column elementor-element elementor-element-6a11fa5\" data-id=\"6a11fa5\" data-element_type=\"column\">\n\t\t\t<div class=\"elementor-widget-wrap\">\n\t\t\t\t\t\t\t<\/div>\n\t\t<\/div>\n\t\t\t\t\t<\/div>\n\t\t<\/section>\n\t\t\t\t\t<\/div>\n\t\t<\/div>\n\t\t\t\t\t<\/div>\n\t\t<\/section>\n\t\t\t\t<section class=\"elementor-section elementor-top-section elementor-element elementor-element-70fd99c elementor-section-height-min-height elementor-section-boxed elementor-section-height-default elementor-section-items-middle\" data-id=\"70fd99c\" data-element_type=\"section\" data-settings=\"{&quot;background_background&quot;:&quot;classic&quot;}\">\n\t\t\t\t\t\t<div class=\"elementor-container elementor-column-gap-default\">\n\t\t\t\t\t<div class=\"elementor-column elementor-col-100 elementor-top-column elementor-element elementor-element-9d13ed6\" data-id=\"9d13ed6\" data-element_type=\"column\">\n\t\t\t<div class=\"elementor-widget-wrap elementor-element-populated\">\n\t\t\t\t\t\t<div class=\"elementor-element elementor-element-51c5a52 elementor-widget__width-initial elementor-widget elementor-widget-heading\" data-id=\"51c5a52\" data-element_type=\"widget\" data-widget_type=\"heading.default\">\n\t\t\t\t\t<h2 class=\"elementor-heading-title elementor-size-default\">Quer partcipar de um Weagle Cast?<\/h2>\t\t\t\t<\/div>\n\t\t\t\t<div class=\"elementor-element elementor-element-1743f17 elementor-align-center elementor-mobile-align-justify elementor-widget elementor-widget-button\" data-id=\"1743f17\" data-element_type=\"widget\" data-widget_type=\"button.default\">\n\t\t\t\t\t\t\t\t\t\t<a class=\"elementor-button elementor-button-link elementor-size-sm\" href=\"https:\/\/research.typeform.com\/to\/PPOxXSQu\" target=\"_blank\">\n\t\t\t\t\t\t<span class=\"elementor-button-content-wrapper\">\n\t\t\t\t\t\t\t\t\t<span class=\"elementor-button-text\">FALE CONOSCO<\/span>\n\t\t\t\t\t<\/span>\n\t\t\t\t\t<\/a>\n\t\t\t\t\t\t\t\t<\/div>\n\t\t\t\t\t<\/div>\n\t\t<\/div>\n\t\t\t\t\t<\/div>\n\t\t<\/section>\n\t\t\t\t<\/div>\n\t\t","protected":false},"excerpt":{"rendered":"<p>WEAGLE CAST Estrat\u00e9gias, insights e dicas em um bom bate papo sobre governan\u00e7a, inova\u00e7\u00e3o e planejamento empresarial! Epis\u00f3dios https:\/\/youtu.be\/wEQjYCnqBDohttps:\/\/www.youtube.com\/watch?v=5pCgQH2rg5whttps:\/\/www.youtube.com\/watch?v=PWMpqN81L3Ahttps:\/\/www.youtube.com\/watch?v=7h4yyQ0ItGY&#038;t=1374shttps:\/\/www.youtube.com\/watch?v=stGaM0GB1Xohttps:\/\/www.youtube.com\/watch?v=QC_klADbAJs&#038;t=165s Quer partcipar de um Weagle Cast? FALE CONOSCO<\/p>\n","protected":false},"author":1,"featured_media":0,"parent":0,"menu_order":0,"comment_status":"closed","ping_status":"closed","template":"elementor_header_footer","meta":{"footnotes":""},"class_list":["post-8293","page","type-page","status-publish","hentry"],"yoast_head":"<!-- This site is optimized with the Yoast SEO plugin v20.13 - https:\/\/yoast.com\/wordpress\/plugins\/seo\/ -->\n<title>Podcast - Weagle<\/title>\n<meta name=\"robots\" content=\"index, follow, max-snippet:-1, max-image-preview:large, max-video-preview:-1\" \/>\n<link rel=\"canonical\" href=\"https:\/\/weagle.com.br\/lp\/podcast\/\" \/>\n<meta name=\"twitter:card\" content=\"summary_large_image\" \/>\n<meta name=\"twitter:title\" content=\"Podcast - Weagle\" \/>\n<meta name=\"twitter:description\" content=\"WEAGLE CAST Estrat\u00e9gias, insights e dicas em um bom bate papo sobre governan\u00e7a, inova\u00e7\u00e3o e planejamento empresarial! Epis\u00f3dios https:\/\/youtu.be\/wEQjYCnqBDohttps:\/\/www.youtube.com\/watch?v=5pCgQH2rg5whttps:\/\/www.youtube.com\/watch?v=PWMpqN81L3Ahttps:\/\/www.youtube.com\/watch?v=7h4yyQ0ItGY&#038;t=1374shttps:\/\/www.youtube.com\/watch?v=stGaM0GB1Xohttps:\/\/www.youtube.com\/watch?v=QC_klADbAJs&#038;t=165s Quer partcipar de um Weagle Cast? FALE CONOSCO\" \/>\n<meta name=\"twitter:label1\" content=\"Est. tempo de leitura\" \/>\n\t<meta name=\"twitter:data1\" content=\"1 minuto\" \/>\n<script type=\"application\/ld+json\" class=\"yoast-schema-graph\">{\"@context\":\"https:\/\/schema.org\",\"@graph\":[{\"@type\":\"WebPage\",\"@id\":\"https:\/\/weagle.com.br\/lp\/podcast\/\",\"url\":\"https:\/\/weagle.com.br\/lp\/podcast\/\",\"name\":\"Podcast - Weagle\",\"isPartOf\":{\"@id\":\"https:\/\/weagle.com.br\/lp\/#website\"},\"datePublished\":\"2023-03-27T14:23:15+00:00\",\"dateModified\":\"2023-05-09T16:50:18+00:00\",\"breadcrumb\":{\"@id\":\"https:\/\/weagle.com.br\/lp\/podcast\/#breadcrumb\"},\"inLanguage\":\"pt-BR\",\"potentialAction\":[{\"@type\":\"ReadAction\",\"target\":[\"https:\/\/weagle.com.br\/lp\/podcast\/\"]}]},{\"@type\":\"BreadcrumbList\",\"@id\":\"https:\/\/weagle.com.br\/lp\/podcast\/#breadcrumb\",\"itemListElement\":[{\"@type\":\"ListItem\",\"position\":1,\"name\":\"In\u00edcio\",\"item\":\"https:\/\/weagle.com.br\/lp\/\"},{\"@type\":\"ListItem\",\"position\":2,\"name\":\"Podcast\"}]},{\"@type\":\"WebSite\",\"@id\":\"https:\/\/weagle.com.br\/lp\/#website\",\"url\":\"https:\/\/weagle.com.br\/lp\/\",\"name\":\"Weagle\",\"description\":\"Assessoria e Aceleradora\",\"publisher\":{\"@id\":\"https:\/\/weagle.com.br\/lp\/#organization\"},\"potentialAction\":[{\"@type\":\"SearchAction\",\"target\":{\"@type\":\"EntryPoint\",\"urlTemplate\":\"https:\/\/weagle.com.br\/lp\/?s={search_term_string}\"},\"query-input\":\"required name=search_term_string\"}],\"inLanguage\":\"pt-BR\"},{\"@type\":\"Organization\",\"@id\":\"https:\/\/weagle.com.br\/lp\/#organization\",\"name\":\"Weagle\",\"url\":\"https:\/\/weagle.com.br\/lp\/\",\"logo\":{\"@type\":\"ImageObject\",\"inLanguage\":\"pt-BR\",\"@id\":\"https:\/\/weagle.com.br\/lp\/#\/schema\/logo\/image\/\",\"url\":\"https:\/\/weagle.com.br\/wp-content\/uploads\/2022\/01\/logo-04.png\",\"contentUrl\":\"https:\/\/weagle.com.br\/wp-content\/uploads\/2022\/01\/logo-04.png\",\"width\":1413,\"height\":904,\"caption\":\"Weagle\"},\"image\":{\"@id\":\"https:\/\/weagle.com.br\/lp\/#\/schema\/logo\/image\/\"}}]}<\/script>\n<!-- \/ Yoast SEO plugin. -->","yoast_head_json":{"title":"Podcast - Weagle","robots":{"index":"index","follow":"follow","max-snippet":"max-snippet:-1","max-image-preview":"max-image-preview:large","max-video-preview":"max-video-preview:-1"},"canonical":"https:\/\/weagle.com.br\/lp\/podcast\/","twitter_card":"summary_large_image","twitter_title":"Podcast - Weagle","twitter_description":"WEAGLE CAST Estrat\u00e9gias, insights e dicas em um bom bate papo sobre governan\u00e7a, inova\u00e7\u00e3o e planejamento empresarial! Epis\u00f3dios https:\/\/youtu.be\/wEQjYCnqBDohttps:\/\/www.youtube.com\/watch?v=5pCgQH2rg5whttps:\/\/www.youtube.com\/watch?v=PWMpqN81L3Ahttps:\/\/www.youtube.com\/watch?v=7h4yyQ0ItGY&#038;t=1374shttps:\/\/www.youtube.com\/watch?v=stGaM0GB1Xohttps:\/\/www.youtube.com\/watch?v=QC_klADbAJs&#038;t=165s Quer partcipar de um Weagle Cast? FALE CONOSCO","twitter_misc":{"Est. tempo de leitura":"1 minuto"},"schema":{"@context":"https:\/\/schema.org","@graph":[{"@type":"WebPage","@id":"https:\/\/weagle.com.br\/lp\/podcast\/","url":"https:\/\/weagle.com.br\/lp\/podcast\/","name":"Podcast - Weagle","isPartOf":{"@id":"https:\/\/weagle.com.br\/lp\/#website"},"datePublished":"2023-03-27T14:23:15+00:00","dateModified":"2023-05-09T16:50:18+00:00","breadcrumb":{"@id":"https:\/\/weagle.com.br\/lp\/podcast\/#breadcrumb"},"inLanguage":"pt-BR","potentialAction":[{"@type":"ReadAction","target":["https:\/\/weagle.com.br\/lp\/podcast\/"]}]},{"@type":"BreadcrumbList","@id":"https:\/\/weagle.com.br\/lp\/podcast\/#breadcrumb","itemListElement":[{"@type":"ListItem","position":1,"name":"In\u00edcio","item":"https:\/\/weagle.com.br\/lp\/"},{"@type":"ListItem","position":2,"name":"Podcast"}]},{"@type":"WebSite","@id":"https:\/\/weagle.com.br\/lp\/#website","url":"https:\/\/weagle.com.br\/lp\/","name":"Weagle","description":"Assessoria e Aceleradora","publisher":{"@id":"https:\/\/weagle.com.br\/lp\/#organization"},"potentialAction":[{"@type":"SearchAction","target":{"@type":"EntryPoint","urlTemplate":"https:\/\/weagle.com.br\/lp\/?s={search_term_string}"},"query-input":"required name=search_term_string"}],"inLanguage":"pt-BR"},{"@type":"Organization","@id":"https:\/\/weagle.com.br\/lp\/#organization","name":"Weagle","url":"https:\/\/weagle.com.br\/lp\/","logo":{"@type":"ImageObject","inLanguage":"pt-BR","@id":"https:\/\/weagle.com.br\/lp\/#\/schema\/logo\/image\/","url":"https:\/\/weagle.com.br\/wp-content\/uploads\/2022\/01\/logo-04.png","contentUrl":"https:\/\/weagle.com.br\/wp-content\/uploads\/2022\/01\/logo-04.png","width":1413,"height":904,"caption":"Weagle"},"image":{"@id":"https:\/\/weagle.com.br\/lp\/#\/schema\/logo\/image\/"}}]}},"_links":{"self":[{"href":"https:\/\/weagle.com.br\/lp\/wp-json\/wp\/v2\/pages\/8293","targetHints":{"allow":["GET"]}}],"collection":[{"href":"https:\/\/weagle.com.br\/lp\/wp-json\/wp\/v2\/pages"}],"about":[{"href":"https:\/\/weagle.com.br\/lp\/wp-json\/wp\/v2\/types\/page"}],"author":[{"embeddable":true,"href":"https:\/\/weagle.com.br\/lp\/wp-json\/wp\/v2\/users\/1"}],"replies":[{"embeddable":true,"href":"https:\/\/weagle.com.br\/lp\/wp-json\/wp\/v2\/comments?post=8293"}],"version-history":[{"count":7,"href":"https:\/\/weagle.com.br\/lp\/wp-json\/wp\/v2\/pages\/8293\/revisions"}],"predecessor-version":[{"id":8373,"href":"https:\/\/weagle.com.br\/lp\/wp-json\/wp\/v2\/pages\/8293\/revisions\/8373"}],"wp:attachment":[{"href":"https:\/\/weagle.com.br\/lp\/wp-json\/wp\/v2\/media?parent=8293"}],"curies":[{"name":"wp","href":"https:\/\/api.w.org\/{rel}","templated":true}]}}